{"id":11,"date":"2026-01-30T05:07:06","date_gmt":"2026-01-30T05:07:06","guid":{"rendered":"https:\/\/techacademypro.net\/?page_id=11"},"modified":"2026-01-30T05:07:06","modified_gmt":"2026-01-30T05:07:06","slug":"trang-chu","status":"publish","type":"page","link":"https:\/\/techacademypro.net\/","title":{"rendered":"Trang ch\u1ee7"},"content":{"rendered":"\n<!-- Trang ch\u1ee7 techacademypro.net -->\n<div class=\"techacademypro-home\">\n  <nav class=\"navbar\">\n    <div class=\"logo\">TechAcademyPro<span>.net<\/span><\/div>\n    <ul class=\"nav-links\">\n      <li><a href=\"#\">Kh\u00f3a h\u1ecdc<\/a><\/li>\n      <li><a href=\"#\">Gi\u1ea3ng vi\u00ean<\/a><\/li>\n      <li><a href=\"#\">H\u1ecdc vi\u00ean<\/a><\/li>\n    <\/ul>\n  <\/nav>\n  <section class=\"hero\">\n    <h1>H\u1ecdc c\u00f4ng ngh\u1ec7 chuy\u00ean s\u00e2u c\u00f9ng TechAcademyPro.net<\/h1>\n    <p>Kh\u00e1m ph\u00e1 c\u00e1c kh\u00f3a h\u1ecdc l\u1eadp tr\u00ecnh, c\u00f4ng ngh\u1ec7 m\u1edbi nh\u1ea5t v\u1edbi \u0111\u1ed9i ng\u0169 gi\u1ea3ng vi\u00ean h\u00e0ng \u0111\u1ea7u.<\/p>\n    <a href=\"#\" class=\"cta-btn\">\u0110\u0103ng k\u00fd h\u1ecdc ngay<\/a>\n  <\/section>\n  <section class=\"features\">\n    <div class=\"feature\">\n      <h2>Ch\u01b0\u01a1ng tr\u00ecnh hi\u1ec7n \u0111\u1ea1i<\/h2>\n      <p>N\u1ed9i dung c\u1eadp nh\u1eadt li\u00ean t\u1ee5c, b\u00e1m s\u00e1t th\u1ef1c ti\u1ec5n v\u00e0 xu h\u01b0\u1edbng c\u00f4ng ngh\u1ec7 to\u00e0n c\u1ea7u.<\/p>\n    <\/div>\n    <div class=\"feature\">\n      <h2>Gi\u1ea3ng vi\u00ean gi\u00e0u kinh nghi\u1ec7m<\/h2>\n      <p>\u0110\u1ed9i ng\u0169 chuy\u00ean gia, mentor t\u1eadn t\u00e2m h\u01b0\u1edbng d\u1eabn t\u1eebng b\u01b0\u1edbc trong qu\u00e1 tr\u00ecnh h\u1ecdc.<\/p>\n    <\/div>\n    <div class=\"feature\">\n      <h2>H\u1ed7 tr\u1ee3 h\u1ecdc vi\u00ean 24\/7<\/h2>\n      <p>Gi\u1ea3i \u0111\u00e1p th\u1eafc m\u1eafc nhanh ch\u00f3ng, h\u1ed7 tr\u1ee3 h\u1ecdc t\u1eadp m\u1ecdi l\u00fac m\u1ecdi n\u01a1i.<\/p>\n    <\/div>\n  <\/section>\n<\/div>\n<link rel=\"stylesheet\" href=\"style.css\">\n","protected":false},"excerpt":{"rendered":"<p>TechAcademyPro.net Kh\u00f3a h\u1ecdc Gi\u1ea3ng vi\u00ean H\u1ecdc vi\u00ean H\u1ecdc c\u00f4ng ngh\u1ec7 chuy\u00ean s\u00e2u c\u00f9ng TechAcademyPro.net Kh\u00e1m ph\u00e1 c\u00e1c kh\u00f3a h\u1ecdc l\u1eadp tr\u00ecnh, c\u00f4ng ngh\u1ec7 m\u1edbi nh\u1ea5t v\u1edbi \u0111\u1ed9i ng\u0169 gi\u1ea3ng vi\u00ean h\u00e0ng \u0111\u1ea7u. \u0110\u0103ng k\u00fd h\u1ecdc ngay Ch\u01b0\u01a1ng tr\u00ecnh hi\u1ec7n \u0111\u1ea1i N\u1ed9i dung c\u1eadp nh\u1eadt li\u00ean t\u1ee5c, b\u00e1m s\u00e1t th\u1ef1c ti\u1ec5n v\u00e0 xu h\u01b0\u1edbng c\u00f4ng ngh\u1ec7 [&#8230;]\n","protected":false},"author":1,"featured_media":0,"parent":0,"menu_order":0,"comment_status":"closed","ping_status":"closed","template":"","meta":{"footnotes":""},"class_list":["post-11","page","type-page","status-publish","hentry"],"_links":{"self":[{"href":"https:\/\/techacademypro.net\/index.php\/wp-json\/wp\/v2\/pages\/11","targetHints":{"allow":["GET"]}}],"collection":[{"href":"https:\/\/techacademypro.net\/index.php\/wp-json\/wp\/v2\/pages"}],"about":[{"href":"https:\/\/techacademypro.net\/index.php\/wp-json\/wp\/v2\/types\/page"}],"author":[{"embeddable":true,"href":"https:\/\/techacademypro.net\/index.php\/wp-json\/wp\/v2\/users\/1"}],"replies":[{"embeddable":true,"href":"https:\/\/techacademypro.net\/index.php\/wp-json\/wp\/v2\/comments?post=11"}],"version-history":[{"count":1,"href":"https:\/\/techacademypro.net\/index.php\/wp-json\/wp\/v2\/pages\/11\/revisions"}],"predecessor-version":[{"id":13,"href":"https:\/\/techacademypro.net\/index.php\/wp-json\/wp\/v2\/pages\/11\/revisions\/13"}],"wp:attachment":[{"href":"https:\/\/techacademypro.net\/index.php\/wp-json\/wp\/v2\/media?parent=11"}],"curies":[{"name":"wp","href":"https:\/\/api.w.org\/{rel}","templated":true}]}}